{"id":2,"date":"2009-04-07T10:34:16","date_gmt":"2009-04-07T13:34:16","guid":{"rendered":"http:\/\/200.110.135.130\/~antesyde\/?page_id=2"},"modified":"2012-04-05T18:29:02","modified_gmt":"2012-04-05T21:29:02","slug":"aboutus","status":"publish","type":"page","link":"https:\/\/www.antesydespues.com.ar\/en\/aboutus\/","title":{"rendered":"About Us"},"content":{"rendered":"<p>Antes y Despu\u00e9s (www.antesydespues.com.ar) es un sitio web que recopila una extensa colecci\u00f3n de fotograf\u00edas de Celebridades a trav\u00e9s del tiempo.<\/p>\n<p>Podes conocer el antes y el despues de los famosos y tambi\u00e9n de personas no tan famosas.<\/p>\n<p>Si tenes fotos del antes y el despues de alguien reconocido podes enviarlas a nuestro correo:<br \/>\n<strong>info(at)antesydespues.com.ar<\/strong><\/p>","protected":false},"excerpt":{"rendered":"<p>Antes y Despu\u00e9s (www.antesydespues.com.ar) es un sitio web que recopila una extensa colecci\u00f3n de fotograf\u00edas de Celebridades a trav\u00e9s del tiempo. Podes conocer el antes y el despues de los famosos y tambi\u00e9n de personas no tan famosas. Si tenes fotos del antes y el despues de alguien reconocido podes enviarlas a nuestro correo: info(at)antesydespues.com.ar<\/p>\n","protected":false},"author":1,"featured_media":0,"parent":0,"menu_order":0,"comment_status":"closed","ping_status":"closed","template":"","meta":[],"_links":{"self":[{"href":"https:\/\/www.antesydespues.com.ar\/en\/wp-json\/wp\/v2\/pages\/2"}],"collection":[{"href":"https:\/\/www.antesydespues.com.ar\/en\/wp-json\/wp\/v2\/pages"}],"about":[{"href":"https:\/\/www.antesydespues.com.ar\/en\/wp-json\/wp\/v2\/types\/page"}],"author":[{"embeddable":true,"href":"https:\/\/www.antesydespues.com.ar\/en\/wp-json\/wp\/v2\/users\/1"}],"replies":[{"embeddable":true,"href":"https:\/\/www.antesydespues.com.ar\/en\/wp-json\/wp\/v2\/comments?post=2"}],"version-history":[{"count":0,"href":"https:\/\/www.antesydespues.com.ar\/en\/wp-json\/wp\/v2\/pages\/2\/revisions"}],"wp:attachment":[{"href":"https:\/\/www.antesydespues.com.ar\/en\/wp-json\/wp\/v2\/media?parent=2"}],"curies":[{"name":"wp","href":"https:\/\/api.w.org\/{rel}","templated":true}]}}